{"id":4128,"date":"2024-02-14T11:31:12","date_gmt":"2024-02-14T11:31:12","guid":{"rendered":"https:\/\/destimarruecostours.com\/?page_id=4128"},"modified":"2025-08-14T09:33:14","modified_gmt":"2025-08-14T09:33:14","slug":"day-trips","status":"publish","type":"page","link":"https:\/\/destimarruecostours.com\/en\/day-trips\/","title":{"rendered":"Day trips"},"content":{"rendered":"<div data-elementor-type=\"wp-page\" data-elementor-id=\"4128\" class=\"elementor elementor-4128\">\n\t\t\t\t\t\t<section class=\"elementor-section elementor-top-section elementor-element elementor-element-40b8787 elementor-section-height-min-height elementor-section-boxed elementor-section-height-default elementor-section-items-middle\" data-id=\"40b8787\" data-element_type=\"section\" data-settings=\"{&quot;background_background&quot;:&quot;classic&quot;}\">\n\t\t\t\t\t\t\t<div class=\"elementor-background-overlay\"><\/div>\n\t\t\t\t\t\t\t<div class=\"elementor-container elementor-column-gap-default\">\n\t\t\t\t\t<div class=\"elementor-column elementor-col-100 elementor-top-column elementor-element elementor-element-8d687a8\" data-id=\"8d687a8\" data-element_type=\"column\">\n\t\t\t<div class=\"elementor-widget-wrap elementor-element-populated\">\n\t\t\t\t\t\t<div class=\"elementor-element elementor-element-95dd64b elementor-widget elementor-widget-heading\" data-id=\"95dd64b\" data-element_type=\"widget\" data-widget_type=\"heading.default\">\n\t\t\t\t<div class=\"elementor-widget-container\">\n\t\t\t<h1 class=\"elementor-heading-title elementor-size-default\">Excursions from Marrakech<\/h1>\t\t<\/div>\n\t\t\t\t<\/div>\n\t\t\t\t\t<\/div>\n\t\t<\/div>\n\t\t\t\t\t<\/div>\n\t\t<\/section>\n\t\t\t\t<section class=\"elementor-section elementor-top-section elementor-element elementor-element-5ca23ac elementor-section-boxed elementor-section-height-default elementor-section-height-default\" data-id=\"5ca23ac\" data-element_type=\"section\" data-settings=\"{&quot;background_background&quot;:&quot;classic&quot;}\">\n\t\t\t\t\t\t<div class=\"elementor-container elementor-column-gap-default\">\n\t\t\t\t\t<div class=\"elementor-column elementor-col-100 elementor-top-column elementor-element elementor-element-6d7b17d\" data-id=\"6d7b17d\" data-element_type=\"column\">\n\t\t\t<div class=\"elementor-widget-wrap elementor-element-populated\">\n\t\t\t\t\t\t<div class=\"elementor-element elementor-element-26131d7 elementor-widget elementor-widget-text-editor\" data-id=\"26131d7\" data-element_type=\"widget\" data-widget_type=\"text-editor.default\">\n\t\t\t\t<div class=\"elementor-widget-container\">\n\t\t\t\t\t\t\t<a href=\"https:\/\/whc.unesco.org\/en\/list\/331\/\">Marrakech<\/a>Known for its bustling souks, vibrant colors, and fascinating history, Morocco is one of Morocco's most captivating destinations. However, beyond its walls lies a world of adventure waiting to be explored. <strong>excursions from Marrakech<\/strong> They allow travelers to explore landscapes as varied as the Sahara Desert, the Atlas Mountains, and charming Berber villages. Each route offers a unique opportunity to discover the country's cultural richness, local hospitality, and natural beauty.\n\nIn this article, we'll show you the most popular day trips from Marrakech, along with practical tips for planning your trip and making the most of it. Get ready for unforgettable experiences in the heart of Morocco.\n\t\t\t\t\t\t<\/div>\n\t\t\t\t<\/div>\n\t\t\t\t<div class=\"elementor-element elementor-element-5ff0e73 elementor-widget elementor-widget-themo-tour-grid\" data-id=\"5ff0e73\" data-element_type=\"widget\" data-widget_type=\"themo-tour-grid.default\">\n\t\t\t\t<div class=\"elementor-widget-container\">\n\t\t\t\n                <div id=\"th-portfolio-content-69d98a525346e\" class=\"th-portfolio\">\n\n            \n            <div id=\"th-portfolio-row\" class=\"th-portfolio-row row portfolio_content  three-columns th-port-gutter\">\n\n                                        <div id=\"post-3859\" class=\"th-portfolio-item item col-md-4 col-sm-6 p-excuriones-desde-marrakech post-3859 themo_tour type-themo_tour status-publish format-standard has-post-thumbnail hentry themo_tour_type-excuriones-desde-marrakech\">\n                            <div class=\"th-port-wrap\">\n                                <img fetchpriority=\"high\" decoding=\"async\" width=\"605\" height=\"605\" src=\"https:\/\/destimarruecostours.com\/wp-content\/uploads\/2023\/11\/marra-1-605x605.jpeg\" class=\"img-responsive th-port-img wp-post-image\" alt=\"\" \/>\n                                <div class=\"th-port-overlay\"><\/div>\n                                <div class=\"th-port-inner\">\n                                                                        <div class=\"th-port-center\">\n                                        <h3 class=\"th-port-title\">1 Day<\/h3>\n                                        <p class=\"th-port-sub\">Ouarzazate and Ait Ben Haddou<\/p>                                                                                    <span class=\"th-port-btn\">Read more<\/span>\n                                                                            <\/div>\n                                    <a href=\"https:\/\/destimarruecostours.com\/en\/tour\/excursion-desde-marrakech-a-la-kasbah-de-ait-ben-haddou\/\" class=\"th-port-link\" ><\/a>                                <\/div>\n                            <\/div>\n                        <\/div>\n                                                <div id=\"post-3865\" class=\"th-portfolio-item item col-md-4 col-sm-6 p-excuriones-desde-marrakech post-3865 themo_tour type-themo_tour status-publish format-standard has-post-thumbnail hentry themo_tour_type-excuriones-desde-marrakech\">\n                            <div class=\"th-port-wrap\">\n                                <img decoding=\"async\" width=\"394\" height=\"394\" src=\"https:\/\/destimarruecostours.com\/wp-content\/uploads\/2023\/11\/ourika-valley-394x394.jpeg\" class=\"img-responsive th-port-img wp-post-image\" alt=\"\" \/>\n                                <div class=\"th-port-overlay\"><\/div>\n                                <div class=\"th-port-inner\">\n                                                                        <div class=\"th-port-center\">\n                                        <h3 class=\"th-port-title\">1 Day<\/h3>\n                                        <p class=\"th-port-sub\">Marrakech to Ourika Valley<\/p>                                                                                    <span class=\"th-port-btn\">Read more<\/span>\n                                                                            <\/div>\n                                    <a href=\"https:\/\/destimarruecostours.com\/en\/tour\/marrakech-al-valle-del-ourika\/\" class=\"th-port-link\" ><\/a>                                <\/div>\n                            <\/div>\n                        <\/div>\n                                                <div id=\"post-3871\" class=\"th-portfolio-item item col-md-4 col-sm-6 p-excuriones-desde-marrakech post-3871 themo_tour type-themo_tour status-publish format-standard has-post-thumbnail hentry themo_tour_type-excuriones-desde-marrakech\">\n                            <div class=\"th-port-wrap\">\n                                <img decoding=\"async\" width=\"605\" height=\"605\" src=\"https:\/\/destimarruecostours.com\/wp-content\/uploads\/2023\/11\/marra-4-605x605.jpeg\" class=\"img-responsive th-port-img wp-post-image\" alt=\"\" \/>\n                                <div class=\"th-port-overlay\"><\/div>\n                                <div class=\"th-port-inner\">\n                                                                        <div class=\"th-port-center\">\n                                        <h3 class=\"th-port-title\">1 Day<\/h3>\n                                        <p class=\"th-port-sub\">Marrakech tourist guide<\/p>                                                                                    <span class=\"th-port-btn\">Read more<\/span>\n                                                                            <\/div>\n                                    <a href=\"https:\/\/destimarruecostours.com\/en\/tour\/guia-turistica-marrakech\/\" class=\"th-port-link\" ><\/a>                                <\/div>\n                            <\/div>\n                        <\/div>\n                                                <div id=\"post-3877\" class=\"th-portfolio-item item col-md-4 col-sm-6 p-excuriones-desde-marrakech post-3877 themo_tour type-themo_tour status-publish format-standard has-post-thumbnail hentry themo_tour_type-excuriones-desde-marrakech\">\n                            <div class=\"th-port-wrap\">\n                                <img loading=\"lazy\" decoding=\"async\" width=\"394\" height=\"394\" src=\"https:\/\/destimarruecostours.com\/wp-content\/uploads\/2023\/11\/imlil-394x394.jpeg\" class=\"img-responsive th-port-img wp-post-image\" alt=\"\" \/>\n                                <div class=\"th-port-overlay\"><\/div>\n                                <div class=\"th-port-inner\">\n                                                                        <div class=\"th-port-center\">\n                                        <h3 class=\"th-port-title\">1 Day<\/h3>\n                                        <p class=\"th-port-sub\">Excursion to the Imlil Valley from Marrakech<\/p>                                                                                    <span class=\"th-port-btn\">Read more<\/span>\n                                                                            <\/div>\n                                    <a href=\"https:\/\/destimarruecostours.com\/en\/tour\/excursion-al-valle-de-imlil-desde-marrakech\/\" class=\"th-port-link\" ><\/a>                                <\/div>\n                            <\/div>\n                        <\/div>\n                                                <div id=\"post-3883\" class=\"th-portfolio-item item col-md-4 col-sm-6 p-excuriones-desde-marrakech post-3883 themo_tour type-themo_tour status-publish format-standard has-post-thumbnail hentry themo_tour_type-excuriones-desde-marrakech\">\n                            <div class=\"th-port-wrap\">\n                                <img loading=\"lazy\" decoding=\"async\" width=\"605\" height=\"605\" src=\"https:\/\/destimarruecostours.com\/wp-content\/uploads\/2023\/11\/R-605x605.jpeg\" class=\"img-responsive th-port-img wp-post-image\" alt=\"\" \/>\n                                <div class=\"th-port-overlay\"><\/div>\n                                <div class=\"th-port-inner\">\n                                                                            <div class=\"th-port-top-text\">Ouzoud Waterfalls excursion from Marrakech<\/div>\n                                                                        <div class=\"th-port-center\">\n                                        <h3 class=\"th-port-title\">1 Day<\/h3>\n                                        <p class=\"th-port-sub\">Ouzoud Waterfalls excursion from Marrakech<\/p>                                                                                    <span class=\"th-port-btn\">Read more<\/span>\n                                                                            <\/div>\n                                    <a href=\"https:\/\/destimarruecostours.com\/en\/tour\/excursion-a-las-cascadas-de-ouzoud-desde-marrakech\/\" class=\"th-port-link\" ><\/a>                                <\/div>\n                            <\/div>\n                        <\/div>\n                                                <div id=\"post-3889\" class=\"th-portfolio-item item col-md-4 col-sm-6 p-excuriones-desde-marrakech post-3889 themo_tour type-themo_tour status-publish format-standard has-post-thumbnail hentry themo_tour_type-excuriones-desde-marrakech\">\n                            <div class=\"th-port-wrap\">\n                                <img loading=\"lazy\" decoding=\"async\" width=\"605\" height=\"605\" src=\"https:\/\/destimarruecostours.com\/wp-content\/uploads\/2023\/11\/essaouira-1-605x605.jpeg\" class=\"img-responsive th-port-img wp-post-image\" alt=\"\" \/>\n                                <div class=\"th-port-overlay\"><\/div>\n                                <div class=\"th-port-inner\">\n                                                                        <div class=\"th-port-center\">\n                                        <h3 class=\"th-port-title\">1 Day<\/h3>\n                                        <p class=\"th-port-sub\">Excursion from Marrakech to Essaouira<\/p>                                                                                    <span class=\"th-port-btn\">Read more<\/span>\n                                                                            <\/div>\n                                    <a href=\"https:\/\/destimarruecostours.com\/en\/tour\/excursion-desde-marrakech-a-essaouira\/\" class=\"th-port-link\" ><\/a>                                <\/div>\n                            <\/div>\n                        <\/div>\n                        \n            <\/div>\n\n        <\/div>\n\n        \t\t<\/div>\n\t\t\t\t<\/div>\n\t\t\t\t\t<\/div>\n\t\t<\/div>\n\t\t\t\t\t<\/div>\n\t\t<\/section>\n\t\t\t\t<\/div>","protected":false},"excerpt":{"rendered":"<p>Excursions desde Marrakech Marrakech, conocida por sus bulliciosos zocos, sus colores vibrantes y su fascinante historia, es uno de los destinos m\u00e1s cautivadores de Marruecos. Sin embargo, m\u00e1s all\u00e1 de sus murallas se abre un mundo de aventuras esperando ser &hellip; <a href=\"https:\/\/destimarruecostours.com\/en\/tour\/excursion-desde-marrakech-a-essaouira\/\">Read More<\/a><\/p>","protected":false},"author":1,"featured_media":0,"parent":0,"menu_order":0,"comment_status":"closed","ping_status":"closed","template":"","meta":{"om_disable_all_campaigns":false,"_monsterinsights_skip_tracking":false,"_monsterinsights_sitenote_active":false,"_monsterinsights_sitenote_note":"","_monsterinsights_sitenote_category":0,"_uf_show_specific_survey":0,"_uf_disable_surveys":false,"_joinchat":[],"footnotes":""},"class_list":["post-4128","page","type-page","status-publish","hentry"],"aioseo_notices":[],"yoast_head":"<!-- This site is optimized with the Yoast SEO plugin v26.3 - https:\/\/yoast.com\/wordpress\/plugins\/seo\/ -->\n<title>Excursiones de un d\u00eda<\/title>\n<meta name=\"description\" content=\"Unforgettable Excursions from Marrakech: Explore Desert Dunes, Atlas Mountains, and Historic Cities. Book Your Adventure Today!\" \/>\n<meta name=\"robots\" content=\"index, follow, max-snippet:-1, max-image-preview:large, max-video-preview:-1\" \/>\n<link rel=\"canonical\" href=\"https:\/\/destimarruecostours.com\/en\/day-trips\/\" \/>\n<meta property=\"og:locale\" content=\"en_US\" \/>\n<meta property=\"og:type\" content=\"article\" \/>\n<meta property=\"og:title\" content=\"Excursiones de un d\u00eda\" \/>\n<meta property=\"og:description\" content=\"Unforgettable Excursions from Marrakech: Explore Desert Dunes, Atlas Mountains, and Historic Cities. Book Your Adventure Today!\" \/>\n<meta property=\"og:url\" content=\"https:\/\/destimarruecostours.com\/en\/day-trips\/\" \/>\n<meta property=\"og:site_name\" content=\"Desti Marruecos Tours\" \/>\n<meta property=\"article:modified_time\" content=\"2025-08-14T09:33:14+00:00\" \/>\n<meta property=\"og:image\" content=\"https:\/\/destimarruecostours.com\/wp-content\/uploads\/2023\/11\/marra-1-605x605.jpeg\" \/>\n<meta name=\"twitter:card\" content=\"summary_large_image\" \/>\n<meta name=\"twitter:label1\" content=\"Est. reading time\" \/>\n\t<meta name=\"twitter:data1\" content=\"3 minutes\" \/>\n<script type=\"application\/ld+json\" class=\"yoast-schema-graph\">{\"@context\":\"https:\/\/schema.org\",\"@graph\":[{\"@type\":\"WebPage\",\"@id\":\"https:\/\/destimarruecostours.com\/day-trips\/\",\"url\":\"https:\/\/destimarruecostours.com\/day-trips\/\",\"name\":\"Excursiones de un d\u00eda\",\"isPartOf\":{\"@id\":\"https:\/\/destimarruecostours.com\/#website\"},\"primaryImageOfPage\":{\"@id\":\"https:\/\/destimarruecostours.com\/day-trips\/#primaryimage\"},\"image\":{\"@id\":\"https:\/\/destimarruecostours.com\/day-trips\/#primaryimage\"},\"thumbnailUrl\":\"https:\/\/destimarruecostours.com\/wp-content\/uploads\/2023\/11\/marra-1-605x605.jpeg\",\"datePublished\":\"2024-02-14T11:31:12+00:00\",\"dateModified\":\"2025-08-14T09:33:14+00:00\",\"description\":\"Unforgettable Excursions from Marrakech: Explore Desert Dunes, Atlas Mountains, and Historic Cities. Book Your Adventure Today!\",\"breadcrumb\":{\"@id\":\"https:\/\/destimarruecostours.com\/day-trips\/#breadcrumb\"},\"inLanguage\":\"en-US\",\"potentialAction\":[{\"@type\":\"ReadAction\",\"target\":[\"https:\/\/destimarruecostours.com\/day-trips\/\"]}]},{\"@type\":\"ImageObject\",\"inLanguage\":\"en-US\",\"@id\":\"https:\/\/destimarruecostours.com\/day-trips\/#primaryimage\",\"url\":\"https:\/\/destimarruecostours.com\/wp-content\/uploads\/2023\/11\/marra-1-605x605.jpeg\",\"contentUrl\":\"https:\/\/destimarruecostours.com\/wp-content\/uploads\/2023\/11\/marra-1-605x605.jpeg\"},{\"@type\":\"BreadcrumbList\",\"@id\":\"https:\/\/destimarruecostours.com\/day-trips\/#breadcrumb\",\"itemListElement\":[{\"@type\":\"ListItem\",\"position\":1,\"name\":\"Home\",\"item\":\"https:\/\/destimarruecostours.com\/\"},{\"@type\":\"ListItem\",\"position\":2,\"name\":\"Excursiones de un d\u00eda\"}]},{\"@type\":\"WebSite\",\"@id\":\"https:\/\/destimarruecostours.com\/#website\",\"url\":\"https:\/\/destimarruecostours.com\/\",\"name\":\"Desti Marruecos Tours\",\"description\":\"Viajes en Marruecos | Las Mejores Rutas por Marruecos\",\"publisher\":{\"@id\":\"https:\/\/destimarruecostours.com\/#organization\"},\"potentialAction\":[{\"@type\":\"SearchAction\",\"target\":{\"@type\":\"EntryPoint\",\"urlTemplate\":\"https:\/\/destimarruecostours.com\/?s={search_term_string}\"},\"query-input\":{\"@type\":\"PropertyValueSpecification\",\"valueRequired\":true,\"valueName\":\"search_term_string\"}}],\"inLanguage\":\"en-US\"},{\"@type\":\"Organization\",\"@id\":\"https:\/\/destimarruecostours.com\/#organization\",\"name\":\"Desti Marruecos Tours\",\"url\":\"https:\/\/destimarruecostours.com\/\",\"logo\":{\"@type\":\"ImageObject\",\"inLanguage\":\"en-US\",\"@id\":\"https:\/\/destimarruecostours.com\/#\/schema\/logo\/image\/\",\"url\":\"\",\"contentUrl\":\"\",\"caption\":\"Desti Marruecos Tours\"},\"image\":{\"@id\":\"https:\/\/destimarruecostours.com\/#\/schema\/logo\/image\/\"}}]}<\/script>\n<!-- \/ Yoast SEO plugin. -->","yoast_head_json":{"title":"Day trips","description":"Unforgettable Excursions from Marrakech: Explore Desert Dunes, Atlas Mountains, and Historic Cities. Book Your Adventure Today!","robots":{"index":"index","follow":"follow","max-snippet":"max-snippet:-1","max-image-preview":"max-image-preview:large","max-video-preview":"max-video-preview:-1"},"canonical":"https:\/\/destimarruecostours.com\/en\/day-trips\/","og_locale":"en_US","og_type":"article","og_title":"Excursiones de un d\u00eda","og_description":"Unforgettable Excursions from Marrakech: Explore Desert Dunes, Atlas Mountains, and Historic Cities. Book Your Adventure Today!","og_url":"https:\/\/destimarruecostours.com\/en\/day-trips\/","og_site_name":"Desti Marruecos Tours","article_modified_time":"2025-08-14T09:33:14+00:00","og_image":[{"url":"https:\/\/destimarruecostours.com\/wp-content\/uploads\/2023\/11\/marra-1-605x605.jpeg","type":"","width":"","height":""}],"twitter_card":"summary_large_image","twitter_misc":{"Est. reading time":"3 minutes"},"schema":{"@context":"https:\/\/schema.org","@graph":[{"@type":"WebPage","@id":"https:\/\/destimarruecostours.com\/day-trips\/","url":"https:\/\/destimarruecostours.com\/day-trips\/","name":"Day trips","isPartOf":{"@id":"https:\/\/destimarruecostours.com\/#website"},"primaryImageOfPage":{"@id":"https:\/\/destimarruecostours.com\/day-trips\/#primaryimage"},"image":{"@id":"https:\/\/destimarruecostours.com\/day-trips\/#primaryimage"},"thumbnailUrl":"https:\/\/destimarruecostours.com\/wp-content\/uploads\/2023\/11\/marra-1-605x605.jpeg","datePublished":"2024-02-14T11:31:12+00:00","dateModified":"2025-08-14T09:33:14+00:00","description":"Unforgettable Excursions from Marrakech: Explore Desert Dunes, Atlas Mountains, and Historic Cities. Book Your Adventure Today!","breadcrumb":{"@id":"https:\/\/destimarruecostours.com\/day-trips\/#breadcrumb"},"inLanguage":"en-US","potentialAction":[{"@type":"ReadAction","target":["https:\/\/destimarruecostours.com\/day-trips\/"]}]},{"@type":"ImageObject","inLanguage":"en-US","@id":"https:\/\/destimarruecostours.com\/day-trips\/#primaryimage","url":"https:\/\/destimarruecostours.com\/wp-content\/uploads\/2023\/11\/marra-1-605x605.jpeg","contentUrl":"https:\/\/destimarruecostours.com\/wp-content\/uploads\/2023\/11\/marra-1-605x605.jpeg"},{"@type":"BreadcrumbList","@id":"https:\/\/destimarruecostours.com\/day-trips\/#breadcrumb","itemListElement":[{"@type":"ListItem","position":1,"name":"Home","item":"https:\/\/destimarruecostours.com\/"},{"@type":"ListItem","position":2,"name":"Excursiones de un d\u00eda"}]},{"@type":"WebSite","@id":"https:\/\/destimarruecostours.com\/#website","url":"https:\/\/destimarruecostours.com\/","name":"Desti Marruecos Tours","description":"Viajes en Marruecos | Las Mejores Rutas por Marruecos","publisher":{"@id":"https:\/\/destimarruecostours.com\/#organization"},"potentialAction":[{"@type":"SearchAction","target":{"@type":"EntryPoint","urlTemplate":"https:\/\/destimarruecostours.com\/?s={search_term_string}"},"query-input":{"@type":"PropertyValueSpecification","valueRequired":true,"valueName":"search_term_string"}}],"inLanguage":"en-US"},{"@type":"Organization","@id":"https:\/\/destimarruecostours.com\/#organization","name":"Desti Marruecos Tours","url":"https:\/\/destimarruecostours.com\/","logo":{"@type":"ImageObject","inLanguage":"en-US","@id":"https:\/\/destimarruecostours.com\/#\/schema\/logo\/image\/","url":"","contentUrl":"","caption":"Desti Marruecos Tours"},"image":{"@id":"https:\/\/destimarruecostours.com\/#\/schema\/logo\/image\/"}}]}},"_links":{"self":[{"href":"https:\/\/destimarruecostours.com\/en\/wp-json\/wp\/v2\/pages\/4128","targetHints":{"allow":["GET"]}}],"collection":[{"href":"https:\/\/destimarruecostours.com\/en\/wp-json\/wp\/v2\/pages"}],"about":[{"href":"https:\/\/destimarruecostours.com\/en\/wp-json\/wp\/v2\/types\/page"}],"author":[{"embeddable":true,"href":"https:\/\/destimarruecostours.com\/en\/wp-json\/wp\/v2\/users\/1"}],"replies":[{"embeddable":true,"href":"https:\/\/destimarruecostours.com\/en\/wp-json\/wp\/v2\/comments?post=4128"}],"version-history":[{"count":14,"href":"https:\/\/destimarruecostours.com\/en\/wp-json\/wp\/v2\/pages\/4128\/revisions"}],"predecessor-version":[{"id":5123,"href":"https:\/\/destimarruecostours.com\/en\/wp-json\/wp\/v2\/pages\/4128\/revisions\/5123"}],"wp:attachment":[{"href":"https:\/\/destimarruecostours.com\/en\/wp-json\/wp\/v2\/media?parent=4128"}],"curies":[{"name":"wp","href":"https:\/\/api.w.org\/{rel}","templated":true}]}}