{"id":3895,"date":"2023-11-01T15:18:40","date_gmt":"2023-11-01T15:18:40","guid":{"rendered":"https:\/\/destimarruecostours.com\/?page_id=3895"},"modified":"2025-06-08T09:03:23","modified_gmt":"2025-06-08T09:03:23","slug":"sobre-marruecos","status":"publish","type":"page","link":"https:\/\/destimarruecostours.com\/en\/sobre-marruecos\/","title":{"rendered":"About Morocco"},"content":{"rendered":"<div data-elementor-type=\"wp-page\" data-elementor-id=\"3895\" class=\"elementor elementor-3895\">\n\t\t\t\t\t\t<section class=\"elementor-section elementor-top-section elementor-element elementor-element-5091b045 elementor-section-full_width elementor-section-height-min-height elementor-section-height-default elementor-section-items-middle\" data-id=\"5091b045\" data-element_type=\"section\" data-settings=\"{&quot;background_background&quot;:&quot;classic&quot;}\">\n\t\t\t\t\t\t\t<div class=\"elementor-background-overlay\"><\/div>\n\t\t\t\t\t\t\t<div class=\"elementor-container elementor-column-gap-default\">\n\t\t\t\t\t<div class=\"elementor-column elementor-col-100 elementor-top-column elementor-element elementor-element-4708d983\" data-id=\"4708d983\" data-element_type=\"column\">\n\t\t\t<div class=\"elementor-widget-wrap elementor-element-populated\">\n\t\t\t\t\t\t<div class=\"elementor-element elementor-element-7766f247 elementor-view-default elementor-position-top elementor-widget elementor-widget-themo-header\" data-id=\"7766f247\" data-element_type=\"widget\" data-widget_type=\"themo-header.default\">\n\t\t\t\t<div class=\"elementor-widget-container\">\n\t\t\t\t\t<div class=\"th-header-wrap\">\n        <div class=\"elementor-icon-box-wrapper\">\n                            <div class=\"elementor-icon-box-content\">\n                    <h1 class=\"elementor-icon-box-title\">\n                        About Morocco                    <\/h1>\n                                        <p class=\"elementor-icon-box-description\"><\/p>\n\n                                    <\/div>\n            <\/div>\n\n        <\/div>\n\n\t\t\t\t<\/div>\n\t\t\t\t<\/div>\n\t\t\t\t\t<\/div>\n\t\t<\/div>\n\t\t\t\t\t<\/div>\n\t\t<\/section>\n\t\t\t\t<section class=\"elementor-section elementor-top-section elementor-element elementor-element-5feca991 elementor-section-boxed elementor-section-height-default elementor-section-height-default\" data-id=\"5feca991\" data-element_type=\"section\">\n\t\t\t\t\t\t<div class=\"elementor-container elementor-column-gap-default\">\n\t\t\t\t\t<div class=\"elementor-column elementor-col-100 elementor-top-column elementor-element elementor-element-1d9514ae\" data-id=\"1d9514ae\" data-element_type=\"column\">\n\t\t\t<div class=\"elementor-widget-wrap elementor-element-populated\">\n\t\t\t\t\t\t<div class=\"elementor-element elementor-element-bfe898d elementor-widget elementor-widget-text-editor\" data-id=\"bfe898d\" data-element_type=\"widget\" data-widget_type=\"text-editor.default\">\n\t\t\t\t<div class=\"elementor-widget-container\">\n\t\t\t\t\t\t\t<div class=\"marruecos-info-con-fondo\">\n  <h3 class=\"titulo-iluminado\"><strong>Morocco: Discover the richness of its history, culture, and tourism<\/strong><\/h3>\n  <p>\n    Morocco is a country located in <a href=\"https:\/\/es.wikipedia.org\/wiki\/Marruecos\" target=\"_blank\">North Africa<\/a>, with a privileged location between the Atlantic Ocean and the Sahara Desert. If you're a traveler seeking adventure, culture, and diversity, this country is the perfect destination for you. In this article, we'll show you its rich history, culture, and tourism, as well as the most popular places you can't miss during your visit.\n  <\/p>\n\n  <h4 class=\"titulo-iluminado\"><strong>The history and culture of Morocco<\/strong><\/h4>\n  <p>\n    Morocco's rich history is reflected in its ancient monuments, such as the medieval city of Fes, the Ait Benhaddou fortress, and the Koutoubia Mosque in Marrakech. Furthermore, its traditional architecture, crafts, and colorful bazaars are a draw for tourists from around the world.\n  <\/p>\n  <p>\n    The country is a constitutional monarchy with a parliamentary democracy. Its official language is Moroccan Arabic, although other languages, such as French and Berber, are also spoken. The majority of the population is Muslim, but there are also Christian and Jewish communities.\n  <\/p>\n\n  <h3 class=\"titulo-iluminado\"><strong>Tourism in Morocco<\/strong><\/h3>\n  <p>\n    Morocco offers a wide variety of tourist destinations for travelers. Here are some of the most popular:\n  <\/p>\n\n  <ol>\n    <li>\ud83d\udccd <a href=\"https:\/\/destimarruecostours.com\/en\/tour-item\/3-dias-tour-desde-marrakech-a-merzouga-y-fez\/\" target=\"_blank\">Marrakech<\/a>: markets, gardens and historical monuments such as the Koutoubia Mosque.<\/li>\n    <li>\ud83c\udf06 <a href=\"https:\/\/destimarruecostours.com\/en\/tour-item\/viaje-de-8-dias-desde-casablanca\/\" target=\"_blank\">Casablanca<\/a>: modern city with colonial architecture and vibrant nightlife.<\/li>\n    <li>\ud83c\udff0 <a href=\"https:\/\/destimarruecostours.com\/en\/tour-item\/3-dias-tour-desde-fez-a-merzouga-desierto\/\" target=\"_blank\">Fes<\/a>: cultural center with medina and Islamic university.<\/li>\n    <li>\ud83c\udfa8 Chefchaouen: famous for its blue houses and relaxed atmosphere.<\/li>\n    <li>\ud83c\udf0a Essaouira: coastal city with a historic fort and beautiful beaches.<\/li>\n    <li>\ud83d\udc2b Sahara Desert: ideal for camel and 4x4 excursions.<\/li>\n    <li>\ud83c\udfde\ufe0f Atlas Mountains: landscapes, trails, and Berber villages.<\/li>\n  <\/ol>\n\n  <p>\n    In addition, Morocco also offers beaches, national parks, Roman ruins, and ancient mosques.\n  <\/p>\n<\/div>\n\n<style>\n.marruecos-info-con-fondo {\n  background: url('https:\/\/www.transparenttextures.com\/patterns\/sandpaper.png'), #fffaf5;\n  background-size: auto;\n  border-left: 6px solid #8b5e3c;\n  padding: 30px;\n  border-radius: 10px;\n  font-family: 'Segoe UI', sans-serif;\n  color: #3f2a1c;\n  box-shadow: 0 4px 12px rgba(139, 94, 60, 0.15);\n  line-height: 1.7;\n}\n\n.titulo-iluminado {\n  color: #8b5e3c;\n  transition: color 0.3s ease, text-shadow 0.3s ease;\n  cursor: default;\n}\n\n.titulo-iluminado:hover {\n  color: #b52b27;\n  text-shadow: 0 0 8px rgba(181, 43, 39, 0.6);\n}\n\n.marruecos-info-con-fondo h3 {\n  font-size: 1.8rem;\n  margin-bottom: 20px;\n}\n\n.marruecos-info-con-fondo h4 {\n  font-size: 1.3rem;\n  margin-top: 30px;\n}\n\n.marruecos-info-con-fondo a {\n  color: #b52b27;\n  text-decoration: none;\n  font-weight: bold;\n}\n\n.marruecos-info-con-fondo a:hover {\n  text-decoration: underline;\n}\n\n.marruecos-info-con-fondo ol {\n  padding-left: 20px;\n  margin-top: 15px;\n}\n\n.marruecos-info-con-fondo li {\n  margin-bottom: 10px;\n  list-style: none;\n  font-weight: 500;\n}\n<\/style>\n\t\t\t\t\t\t<\/div>\n\t\t\t\t<\/div>\n\t\t\t\t\t<\/div>\n\t\t<\/div>\n\t\t\t\t\t<\/div>\n\t\t<\/section>\n\t\t\t\t<section class=\"elementor-section elementor-top-section elementor-element elementor-element-d3c63ff elementor-section-full_width elementor-section-height-default elementor-section-height-default\" data-id=\"d3c63ff\" data-element_type=\"section\">\n\t\t\t\t\t\t<div class=\"elementor-container elementor-column-gap-no\">\n\t\t\t\t\t<div class=\"elementor-column elementor-col-100 elementor-top-column elementor-element elementor-element-3c7ac83\" data-id=\"3c7ac83\" data-element_type=\"column\">\n\t\t\t<div class=\"elementor-widget-wrap elementor-element-populated\">\n\t\t\t\t\t\t<div class=\"elementor-element elementor-element-4e923a9c elementor-arrows-position-inside elementor-pagination-position-outside elementor-widget elementor-widget-image-carousel\" data-id=\"4e923a9c\" data-element_type=\"widget\" data-settings=\"{&quot;navigation&quot;:&quot;both&quot;,&quot;autoplay&quot;:&quot;yes&quot;,&quot;pause_on_hover&quot;:&quot;yes&quot;,&quot;pause_on_interaction&quot;:&quot;yes&quot;,&quot;autoplay_speed&quot;:5000,&quot;infinite&quot;:&quot;yes&quot;,&quot;speed&quot;:500}\" data-widget_type=\"image-carousel.default\">\n\t\t\t\t<div class=\"elementor-widget-container\">\n\t\t\t\t\t<div class=\"elementor-image-carousel-wrapper swiper\" dir=\"ltr\">\n\t\t\t<div class=\"elementor-image-carousel swiper-wrapper swiper-image-stretch\" aria-live=\"off\">\n\t\t\t\t\t\t\t\t<div class=\"swiper-slide\" role=\"group\" aria-roledescription=\"slide\" aria-label=\"1 of 4\"><figure class=\"swiper-slide-inner\"><img decoding=\"async\" class=\"swiper-slide-image\" src=\"https:\/\/destimarruecostours.com\/wp-content\/uploads\/2025\/06\/WhatsApp-Image-2025-06-02-at-10.46.25-AM-1-605x465.jpeg\" alt=\"WhatsApp Image 2025-06-02 at 10.46.25 AM (1)\" \/><\/figure><\/div><div class=\"swiper-slide\" role=\"group\" aria-roledescription=\"slide\" aria-label=\"2 of 4\"><figure class=\"swiper-slide-inner\"><img decoding=\"async\" class=\"swiper-slide-image\" src=\"https:\/\/destimarruecostours.com\/wp-content\/uploads\/2025\/06\/WhatsApp-Image-2025-06-02-at-10.46.25-AM-605x465.jpeg\" alt=\"WhatsApp Image 2025-06-02 at 10.46.25 AM\" \/><\/figure><\/div><div class=\"swiper-slide\" role=\"group\" aria-roledescription=\"slide\" aria-label=\"3 of 4\"><figure class=\"swiper-slide-inner\"><img decoding=\"async\" class=\"swiper-slide-image\" src=\"https:\/\/destimarruecostours.com\/wp-content\/uploads\/2025\/06\/WhatsApp-Image-2025-06-02-at-10.46.08-AM-605x465.jpeg\" alt=\"WhatsApp Image 2025-06-02 at 10.46.08 AM\" \/><\/figure><\/div><div class=\"swiper-slide\" role=\"group\" aria-roledescription=\"slide\" aria-label=\"4 of 4\"><figure class=\"swiper-slide-inner\"><img decoding=\"async\" class=\"swiper-slide-image\" src=\"https:\/\/destimarruecostours.com\/wp-content\/uploads\/2025\/06\/WhatsApp-Image-2025-06-02-at-10.46.18-AM-605x465.jpeg\" alt=\"WhatsApp Image 2025-06-02 at 10.46.18 AM\" \/><\/figure><\/div>\t\t\t<\/div>\n\t\t\t\t\t\t\t\t\t\t\t\t<div class=\"elementor-swiper-button elementor-swiper-button-prev\" role=\"button\" tabindex=\"0\">\n\t\t\t\t\t\t<i aria-hidden=\"true\" class=\"eicon-chevron-left\"><\/i>\t\t\t\t\t<\/div>\n\t\t\t\t\t<div class=\"elementor-swiper-button elementor-swiper-button-next\" role=\"button\" tabindex=\"0\">\n\t\t\t\t\t\t<i aria-hidden=\"true\" class=\"eicon-chevron-right\"><\/i>\t\t\t\t\t<\/div>\n\t\t\t\t\n\t\t\t\t\t\t\t\t\t<div class=\"swiper-pagination\"><\/div>\n\t\t\t\t\t\t\t\t\t<\/div>\n\t\t\t\t<\/div>\n\t\t\t\t<\/div>\n\t\t\t\t\t<\/div>\n\t\t<\/div>\n\t\t\t\t\t<\/div>\n\t\t<\/section>\n\t\t\t\t<\/div>","protected":false},"excerpt":{"rendered":"<p>Sobre Marruecos Marruecos: Descubre la riqueza de su historia, cultura y turismo Marruecos es un pa\u00eds situado en el norte de \u00c1frica, con una ubicaci\u00f3n privilegiada entre el Oc\u00e9ano Atl\u00e1ntico y el Desierto del S\u00e1hara. Si eres un viajero que &hellip; <a href=\"https:\/\/destimarruecostours.com\/en\/sobre-marruecos\/\">Read More<\/a><\/p>","protected":false},"author":1,"featured_media":0,"parent":0,"menu_order":0,"comment_status":"closed","ping_status":"closed","template":"","meta":{"om_disable_all_campaigns":false,"_monsterinsights_skip_tracking":false,"_monsterinsights_sitenote_active":false,"_monsterinsights_sitenote_note":"","_monsterinsights_sitenote_category":0,"_uf_show_specific_survey":0,"_uf_disable_surveys":false,"_joinchat":[],"footnotes":""},"class_list":["post-3895","page","type-page","status-publish","hentry"],"aioseo_notices":[],"yoast_head":"<!-- This site is optimized with the Yoast SEO plugin v26.3 - https:\/\/yoast.com\/wordpress\/plugins\/seo\/ -->\n<title>Sobre Marruecos<\/title>\n<meta name=\"description\" content=\"\u00a1Descubre todo sobre Marruecos con Desti Marruecos Tours! Sum\u00e9rgete en la rica historia, cultura vibrante y paisajes impresionantes\" \/>\n<meta name=\"robots\" content=\"index, follow, max-snippet:-1, max-image-preview:large, max-video-preview:-1\" \/>\n<link rel=\"canonical\" href=\"https:\/\/destimarruecostours.com\/en\/sobre-marruecos\/\" \/>\n<meta property=\"og:locale\" content=\"en_US\" \/>\n<meta property=\"og:type\" content=\"article\" \/>\n<meta property=\"og:title\" content=\"Sobre Marruecos\" \/>\n<meta property=\"og:description\" content=\"\u00a1Descubre todo sobre Marruecos con Desti Marruecos Tours! Sum\u00e9rgete en la rica historia, cultura vibrante y paisajes impresionantes\" \/>\n<meta property=\"og:url\" content=\"https:\/\/destimarruecostours.com\/en\/sobre-marruecos\/\" \/>\n<meta property=\"og:site_name\" content=\"Desti Marruecos Tours\" \/>\n<meta property=\"article:modified_time\" content=\"2025-06-08T09:03:23+00:00\" \/>\n<meta property=\"og:image\" content=\"https:\/\/destimarruecostours.com\/wp-content\/uploads\/2025\/06\/WhatsApp-Image-2025-06-02-at-10.46.25-AM-1-605x465.jpeg\" \/>\n<meta name=\"twitter:card\" content=\"summary_large_image\" \/>\n<meta name=\"twitter:label1\" content=\"Est. reading time\" \/>\n\t<meta name=\"twitter:data1\" content=\"4 minutes\" \/>\n<script type=\"application\/ld+json\" class=\"yoast-schema-graph\">{\"@context\":\"https:\/\/schema.org\",\"@graph\":[{\"@type\":\"WebPage\",\"@id\":\"https:\/\/destimarruecostours.com\/sobre-marruecos\/\",\"url\":\"https:\/\/destimarruecostours.com\/sobre-marruecos\/\",\"name\":\"Sobre Marruecos\",\"isPartOf\":{\"@id\":\"https:\/\/destimarruecostours.com\/#website\"},\"primaryImageOfPage\":{\"@id\":\"https:\/\/destimarruecostours.com\/sobre-marruecos\/#primaryimage\"},\"image\":{\"@id\":\"https:\/\/destimarruecostours.com\/sobre-marruecos\/#primaryimage\"},\"thumbnailUrl\":\"https:\/\/destimarruecostours.com\/wp-content\/uploads\/2025\/06\/WhatsApp-Image-2025-06-02-at-10.46.25-AM-1-605x465.jpeg\",\"datePublished\":\"2023-11-01T15:18:40+00:00\",\"dateModified\":\"2025-06-08T09:03:23+00:00\",\"description\":\"\u00a1Descubre todo sobre Marruecos con Desti Marruecos Tours! Sum\u00e9rgete en la rica historia, cultura vibrante y paisajes impresionantes\",\"breadcrumb\":{\"@id\":\"https:\/\/destimarruecostours.com\/sobre-marruecos\/#breadcrumb\"},\"inLanguage\":\"en-US\",\"potentialAction\":[{\"@type\":\"ReadAction\",\"target\":[\"https:\/\/destimarruecostours.com\/sobre-marruecos\/\"]}]},{\"@type\":\"ImageObject\",\"inLanguage\":\"en-US\",\"@id\":\"https:\/\/destimarruecostours.com\/sobre-marruecos\/#primaryimage\",\"url\":\"https:\/\/destimarruecostours.com\/wp-content\/uploads\/2025\/06\/WhatsApp-Image-2025-06-02-at-10.46.25-AM-1-605x465.jpeg\",\"contentUrl\":\"https:\/\/destimarruecostours.com\/wp-content\/uploads\/2025\/06\/WhatsApp-Image-2025-06-02-at-10.46.25-AM-1-605x465.jpeg\"},{\"@type\":\"BreadcrumbList\",\"@id\":\"https:\/\/destimarruecostours.com\/sobre-marruecos\/#breadcrumb\",\"itemListElement\":[{\"@type\":\"ListItem\",\"position\":1,\"name\":\"Home\",\"item\":\"https:\/\/destimarruecostours.com\/\"},{\"@type\":\"ListItem\",\"position\":2,\"name\":\"Sobre Marruecos\"}]},{\"@type\":\"WebSite\",\"@id\":\"https:\/\/destimarruecostours.com\/#website\",\"url\":\"https:\/\/destimarruecostours.com\/\",\"name\":\"Desti Marruecos Tours\",\"description\":\"Viajes en Marruecos | Las Mejores Rutas por Marruecos\",\"publisher\":{\"@id\":\"https:\/\/destimarruecostours.com\/#organization\"},\"potentialAction\":[{\"@type\":\"SearchAction\",\"target\":{\"@type\":\"EntryPoint\",\"urlTemplate\":\"https:\/\/destimarruecostours.com\/?s={search_term_string}\"},\"query-input\":{\"@type\":\"PropertyValueSpecification\",\"valueRequired\":true,\"valueName\":\"search_term_string\"}}],\"inLanguage\":\"en-US\"},{\"@type\":\"Organization\",\"@id\":\"https:\/\/destimarruecostours.com\/#organization\",\"name\":\"Desti Marruecos Tours\",\"url\":\"https:\/\/destimarruecostours.com\/\",\"logo\":{\"@type\":\"ImageObject\",\"inLanguage\":\"en-US\",\"@id\":\"https:\/\/destimarruecostours.com\/#\/schema\/logo\/image\/\",\"url\":\"\",\"contentUrl\":\"\",\"caption\":\"Desti Marruecos Tours\"},\"image\":{\"@id\":\"https:\/\/destimarruecostours.com\/#\/schema\/logo\/image\/\"}}]}<\/script>\n<!-- \/ Yoast SEO plugin. -->","yoast_head_json":{"title":"About Morocco","description":"\u00a1Descubre todo sobre Marruecos con Desti Marruecos Tours! Sum\u00e9rgete en la rica historia, cultura vibrante y paisajes impresionantes","robots":{"index":"index","follow":"follow","max-snippet":"max-snippet:-1","max-image-preview":"max-image-preview:large","max-video-preview":"max-video-preview:-1"},"canonical":"https:\/\/destimarruecostours.com\/en\/sobre-marruecos\/","og_locale":"en_US","og_type":"article","og_title":"Sobre Marruecos","og_description":"\u00a1Descubre todo sobre Marruecos con Desti Marruecos Tours! Sum\u00e9rgete en la rica historia, cultura vibrante y paisajes impresionantes","og_url":"https:\/\/destimarruecostours.com\/en\/sobre-marruecos\/","og_site_name":"Desti Marruecos Tours","article_modified_time":"2025-06-08T09:03:23+00:00","og_image":[{"url":"https:\/\/destimarruecostours.com\/wp-content\/uploads\/2025\/06\/WhatsApp-Image-2025-06-02-at-10.46.25-AM-1-605x465.jpeg","type":"","width":"","height":""}],"twitter_card":"summary_large_image","twitter_misc":{"Est. reading time":"4 minutes"},"schema":{"@context":"https:\/\/schema.org","@graph":[{"@type":"WebPage","@id":"https:\/\/destimarruecostours.com\/sobre-marruecos\/","url":"https:\/\/destimarruecostours.com\/sobre-marruecos\/","name":"About Morocco","isPartOf":{"@id":"https:\/\/destimarruecostours.com\/#website"},"primaryImageOfPage":{"@id":"https:\/\/destimarruecostours.com\/sobre-marruecos\/#primaryimage"},"image":{"@id":"https:\/\/destimarruecostours.com\/sobre-marruecos\/#primaryimage"},"thumbnailUrl":"https:\/\/destimarruecostours.com\/wp-content\/uploads\/2025\/06\/WhatsApp-Image-2025-06-02-at-10.46.25-AM-1-605x465.jpeg","datePublished":"2023-11-01T15:18:40+00:00","dateModified":"2025-06-08T09:03:23+00:00","description":"\u00a1Descubre todo sobre Marruecos con Desti Marruecos Tours! Sum\u00e9rgete en la rica historia, cultura vibrante y paisajes impresionantes","breadcrumb":{"@id":"https:\/\/destimarruecostours.com\/sobre-marruecos\/#breadcrumb"},"inLanguage":"en-US","potentialAction":[{"@type":"ReadAction","target":["https:\/\/destimarruecostours.com\/sobre-marruecos\/"]}]},{"@type":"ImageObject","inLanguage":"en-US","@id":"https:\/\/destimarruecostours.com\/sobre-marruecos\/#primaryimage","url":"https:\/\/destimarruecostours.com\/wp-content\/uploads\/2025\/06\/WhatsApp-Image-2025-06-02-at-10.46.25-AM-1-605x465.jpeg","contentUrl":"https:\/\/destimarruecostours.com\/wp-content\/uploads\/2025\/06\/WhatsApp-Image-2025-06-02-at-10.46.25-AM-1-605x465.jpeg"},{"@type":"BreadcrumbList","@id":"https:\/\/destimarruecostours.com\/sobre-marruecos\/#breadcrumb","itemListElement":[{"@type":"ListItem","position":1,"name":"Home","item":"https:\/\/destimarruecostours.com\/"},{"@type":"ListItem","position":2,"name":"Sobre Marruecos"}]},{"@type":"WebSite","@id":"https:\/\/destimarruecostours.com\/#website","url":"https:\/\/destimarruecostours.com\/","name":"Desti Marruecos Tours","description":"Viajes en Marruecos | Las Mejores Rutas por Marruecos","publisher":{"@id":"https:\/\/destimarruecostours.com\/#organization"},"potentialAction":[{"@type":"SearchAction","target":{"@type":"EntryPoint","urlTemplate":"https:\/\/destimarruecostours.com\/?s={search_term_string}"},"query-input":{"@type":"PropertyValueSpecification","valueRequired":true,"valueName":"search_term_string"}}],"inLanguage":"en-US"},{"@type":"Organization","@id":"https:\/\/destimarruecostours.com\/#organization","name":"Desti Marruecos Tours","url":"https:\/\/destimarruecostours.com\/","logo":{"@type":"ImageObject","inLanguage":"en-US","@id":"https:\/\/destimarruecostours.com\/#\/schema\/logo\/image\/","url":"","contentUrl":"","caption":"Desti Marruecos Tours"},"image":{"@id":"https:\/\/destimarruecostours.com\/#\/schema\/logo\/image\/"}}]}},"_links":{"self":[{"href":"https:\/\/destimarruecostours.com\/en\/wp-json\/wp\/v2\/pages\/3895","targetHints":{"allow":["GET"]}}],"collection":[{"href":"https:\/\/destimarruecostours.com\/en\/wp-json\/wp\/v2\/pages"}],"about":[{"href":"https:\/\/destimarruecostours.com\/en\/wp-json\/wp\/v2\/types\/page"}],"author":[{"embeddable":true,"href":"https:\/\/destimarruecostours.com\/en\/wp-json\/wp\/v2\/users\/1"}],"replies":[{"embeddable":true,"href":"https:\/\/destimarruecostours.com\/en\/wp-json\/wp\/v2\/comments?post=3895"}],"version-history":[{"count":21,"href":"https:\/\/destimarruecostours.com\/en\/wp-json\/wp\/v2\/pages\/3895\/revisions"}],"predecessor-version":[{"id":5012,"href":"https:\/\/destimarruecostours.com\/en\/wp-json\/wp\/v2\/pages\/3895\/revisions\/5012"}],"wp:attachment":[{"href":"https:\/\/destimarruecostours.com\/en\/wp-json\/wp\/v2\/media?parent=3895"}],"curies":[{"name":"wp","href":"https:\/\/api.w.org\/{rel}","templated":true}]}}