{"id":3539,"date":"2023-07-23T11:38:44","date_gmt":"2023-07-23T11:38:44","guid":{"rendered":"https:\/\/destimarruecostours.com\/?page_id=3539"},"modified":"2025-06-09T20:22:00","modified_gmt":"2025-06-09T20:22:00","slug":"contacto","status":"publish","type":"page","link":"https:\/\/destimarruecostours.com\/en\/sobre-marruecos\/contacto\/","title":{"rendered":"Contact"},"content":{"rendered":"<div data-elementor-type=\"wp-page\" data-elementor-id=\"3539\" class=\"elementor elementor-3539\">\n\t\t\t\t\t\t<section class=\"elementor-section elementor-top-section elementor-element elementor-element-3fa80f0 elementor-section-boxed elementor-section-height-default elementor-section-height-default\" data-id=\"3fa80f0\" data-element_type=\"section\" data-settings=\"{&quot;background_background&quot;:&quot;classic&quot;}\">\n\t\t\t\t\t\t<div class=\"elementor-container elementor-column-gap-default\">\n\t\t\t\t\t<div class=\"elementor-column elementor-col-100 elementor-top-column elementor-element elementor-element-41a14a68\" data-id=\"41a14a68\" data-element_type=\"column\">\n\t\t\t<div class=\"elementor-widget-wrap elementor-element-populated\">\n\t\t\t\t\t\t<div class=\"elementor-element elementor-element-502e2bc6 elementor-view-default elementor-position-top elementor-widget elementor-widget-themo-header\" data-id=\"502e2bc6\" data-element_type=\"widget\" data-widget_type=\"themo-header.default\">\n\t\t\t\t<div class=\"elementor-widget-container\">\n\t\t\t\t\t<div class=\"th-header-wrap\">\n        <div class=\"elementor-icon-box-wrapper\">\n                            <div class=\"elementor-icon-box-content\">\n                    <h1 class=\"elementor-icon-box-title\">\n                        CONTACT                    <\/h1>\n                                        <p class=\"elementor-icon-box-description\"><\/p>\n\n                                    <\/div>\n            <\/div>\n\n        <\/div>\n\n\t\t\t\t<\/div>\n\t\t\t\t<\/div>\n\t\t\t\t\t<\/div>\n\t\t<\/div>\n\t\t\t\t\t<\/div>\n\t\t<\/section>\n\t\t\t\t<section class=\"elementor-section elementor-top-section elementor-element elementor-element-23cce86 elementor-section-boxed elementor-section-height-default elementor-section-height-default\" data-id=\"23cce86\" data-element_type=\"section\">\n\t\t\t\t\t\t<div class=\"elementor-container elementor-column-gap-default\">\n\t\t\t\t\t<div class=\"elementor-column elementor-col-100 elementor-top-column elementor-element elementor-element-bcb867d\" data-id=\"bcb867d\" data-element_type=\"column\">\n\t\t\t<div class=\"elementor-widget-wrap elementor-element-populated\">\n\t\t\t\t\t\t<div class=\"elementor-element elementor-element-05bda4a elementor-widget elementor-widget-wpforms\" data-id=\"05bda4a\" data-element_type=\"widget\" data-widget_type=\"wpforms.default\">\n\t\t\t\t<div class=\"elementor-widget-container\">\n\t\t\t<style id=\"wpforms-css-vars-elementor-widget-05bda4a\">\n\t\t\t\t.elementor-widget-wpforms.elementor-element-05bda4a {\n\t\t\t\t--wpforms-button-background-color: #8B5E3C;\n--wpforms-field-background-color: #8B5E3C40;\n\t\t\t}\n\t\t\t<\/style><div class=\"wpforms-container wpforms-container-full wpforms-render-modern\" id=\"wpforms-4977\"><form id=\"wpforms-form-4977\" class=\"wpforms-validate wpforms-form wpforms-ajax-form\" data-formid=\"4977\" method=\"post\" enctype=\"multipart\/form-data\" action=\"\/en\/wp-json\/wp\/v2\/pages\/3539\" data-token=\"0464386b41881a86de0d30500f2fc028\" data-token-time=\"1775864211\" data-trp-original-action=\"\/en\/wp-json\/wp\/v2\/pages\/3539\"><noscript class=\"wpforms-error-noscript\">Please enable JavaScript in your browser to complete this form.<\/noscript><div id=\"wpforms-error-noscript\" style=\"display: none;\">Please enable JavaScript in your browser to complete this form.<\/div><div class=\"wpforms-field-container\"><div id=\"wpforms-4977-field_1-container\" class=\"wpforms-field wpforms-field-name\" data-field-id=\"1\"><label class=\"wpforms-field-label\" for=\"wpforms-4977-field_1\">Name <span class=\"wpforms-required-label\" aria-hidden=\"true\">*<\/span><\/label><input type=\"text\" id=\"wpforms-4977-field_1\" class=\"wpforms-field-large wpforms-field-required\" name=\"wpforms[fields][1]\" placeholder=\"Write your full name\" aria-errormessage=\"wpforms-4977-field_1-error\" required><\/div><div id=\"wpforms-4977-field_2-container\" class=\"wpforms-field wpforms-field-email\" data-field-id=\"2\"><label class=\"wpforms-field-label\" for=\"wpforms-4977-field_2\">Mail <span class=\"wpforms-required-label\" aria-hidden=\"true\">*<\/span><\/label><input type=\"email\" id=\"wpforms-4977-field_2\" class=\"wpforms-field-large wpforms-field-required\" name=\"wpforms[fields][2]\" placeholder=\"Enter your email address\" spellcheck=\"false\" aria-errormessage=\"wpforms-4977-field_2-error\" required><\/div>\t\t<div id=\"wpforms-4977-field_4-container\"\n\t\t\tclass=\"wpforms-field wpforms-field-text\"\n\t\t\tdata-field-type=\"text\"\n\t\t\tdata-field-id=\"4\"\n\t\t\t>\n\t\t\t<label class=\"wpforms-field-label\" for=\"wpforms-4977-field_4\" >Nombre Telefono Mensaje<\/label>\n\t\t\t<input type=\"text\" id=\"wpforms-4977-field_4\" class=\"wpforms-field-medium\" name=\"wpforms[fields][4]\" >\n\t\t<\/div>\n\t\t<div id=\"wpforms-4977-field_5-container\" class=\"wpforms-field wpforms-field-number\" data-field-id=\"5\"><label class=\"wpforms-field-label\" for=\"wpforms-4977-field_5\">Phone<\/label><input type=\"number\" id=\"wpforms-4977-field_5\" class=\"wpforms-field-large\" name=\"wpforms[fields][5]\" placeholder=\"Write your number\" step=\"any\" aria-errormessage=\"wpforms-4977-field_5-error\" ><\/div><div id=\"wpforms-4977-field_3-container\" class=\"wpforms-field wpforms-field-textarea\" data-field-id=\"3\"><label class=\"wpforms-field-label\" for=\"wpforms-4977-field_3\">Message<\/label><textarea id=\"wpforms-4977-field_3\" class=\"wpforms-field-medium\" name=\"wpforms[fields][3]\" placeholder=\"Write your comments\" aria-errormessage=\"wpforms-4977-field_3-error\" ><\/textarea><\/div><script>\n\t\t\t\t( function() {\n\t\t\t\t\tconst style = document.createElement( 'style' );\n\t\t\t\t\tstyle.appendChild( document.createTextNode( '#wpforms-4977-field_4-container { position: absolute !important; overflow: hidden !important; display: inline !important; height: 1px !important; width: 1px !important; z-index: -1000 !important; padding: 0 !important; } #wpforms-4977-field_4-container input { visibility: hidden; } #wpforms-conversational-form-page #wpforms-4977-field_4-container label { counter-increment: none; }' ) );\n\t\t\t\t\tdocument.head.appendChild( style );\n\t\t\t\t\tdocument.currentScript?.remove();\n\t\t\t\t} )();\n\t\t\t<\/script><\/div><!-- .wpforms-field-container --><div class=\"wpforms-submit-container\" ><input type=\"hidden\" name=\"wpforms[id]\" value=\"4977\"><input type=\"hidden\" name=\"page_title\" value=\"\"><input type=\"hidden\" name=\"page_url\" value=\"https:\/\/destimarruecostours.com\/en\/wp-json\/wp\/v2\/pages\/3539\"><input type=\"hidden\" name=\"url_referer\" value=\"\"><button type=\"submit\" name=\"wpforms[submit]\" id=\"wpforms-submit-4977\" class=\"wpforms-submit\" data-alt-text=\"Enviando...\" data-submit-text=\"Enviar\" aria-live=\"assertive\" value=\"wpforms-submit\">Send<\/button><img decoding=\"async\" src=\"https:\/\/destimarruecostours.com\/wp-content\/plugins\/wpforms-lite\/assets\/images\/submit-spin.svg\" class=\"wpforms-submit-spinner\" style=\"display: none;\" width=\"26\" height=\"26\" alt=\"Loading\"><\/div><input type=\"hidden\" name=\"trp-form-language\" value=\"en\"\/><\/form><\/div>  <!-- .wpforms-container -->\t\t<\/div>\n\t\t\t\t<\/div>\n\t\t\t\t\t<\/div>\n\t\t<\/div>\n\t\t\t\t\t<\/div>\n\t\t<\/section>\n\t\t\t\t<section class=\"elementor-section elementor-top-section elementor-element elementor-element-3e3160c elementor-section-boxed elementor-section-height-default elementor-section-height-default\" data-id=\"3e3160c\" data-element_type=\"section\">\n\t\t\t\t\t\t<div class=\"elementor-container elementor-column-gap-default\">\n\t\t\t\t\t<div class=\"elementor-column elementor-col-100 elementor-top-column elementor-element elementor-element-e4222f6\" data-id=\"e4222f6\" data-element_type=\"column\">\n\t\t\t<div class=\"elementor-widget-wrap elementor-element-populated\">\n\t\t\t\t\t\t<div class=\"elementor-element elementor-element-cc70189 elementor-widget elementor-widget-html\" data-id=\"cc70189\" data-element_type=\"widget\" data-widget_type=\"html.default\">\n\t\t\t\t<div class=\"elementor-widget-container\">\n\t\t\t<!-- En tu <head> ya debe estar -->\r\n<link rel=\"stylesheet\" href=\"https:\/\/cdnjs.cloudflare.com\/ajax\/libs\/font-awesome\/6.5.0\/css\/all.min.css\">\r\n\r\n<div class=\"elegant-contact-box\">\r\n  <div class=\"contact-card\">\r\n    <div class=\"icon phone-icon\"><i class=\"fas fa-phone\"><\/i><\/div>\r\n    <h4>Call us<\/h4>\r\n    <p><a href=\"tel:+212663495616\">+212 663 495 616<\/a><\/p>\r\n  <\/div>\r\n\r\n  <div class=\"contact-card\">\r\n    <div class=\"icon email-icon\"><i class=\"fas fa-envelope\"><\/i><\/div>\r\n    <h4>Email<\/h4>\r\n    <p class=\"break-text\">\r\n      <a href=\"mailto:destimarruecostours@gmail.com\">destimarruecostours@gmail.com<\/a>\r\n    <\/p>\r\n  <\/div>\r\n\r\n  <div class=\"contact-card\">\r\n    <div class=\"icon location-icon\"><i class=\"fas fa-location-dot\"><\/i><\/div>\r\n    <h4>Address<\/h4>\r\n    <p>\r\n      <a href=\"https:\/\/es.wikipedia.org\/wiki\/Ouarzazate\" target=\"_blank\">Ouarzazate<\/a>, \r\n      <a href=\"https:\/\/es.wikipedia.org\/wiki\/Marruecos\" target=\"_blank\">Morocco<\/a>\r\n    <\/p>\r\n  <\/div>\r\n<\/div>\r\n\r\n<style>\r\n.elegant-contact-box {\r\n  display: flex;\r\n  flex-wrap: wrap;\r\n  justify-content: space-around;\r\n  background-color: #fffdf8;\r\n  border-radius: 16px;\r\n  padding: 40px 20px;\r\n  gap: 20px;\r\n  box-shadow: 0 4px 18px rgba(0, 0, 0, 0.05);\r\n  font-family: 'Segoe UI', sans-serif;\r\n}\r\n\r\n.contact-card {\r\n  background-color: #fff;\r\n  border-left: 6px solid #8b5e3c;\r\n  border-radius: 12px;\r\n  padding: 25px;\r\n  width: 280px;\r\n  text-align: center;\r\n  transition: transform 0.3s ease, box-shadow 0.3s ease;\r\n  word-wrap: break-word;\r\n}\r\n\r\n.contact-card:hover {\r\n  transform: translateY(-5px);\r\n  box-shadow: 0 6px 18px rgba(139, 94, 60, 0.2);\r\n}\r\n\r\n.contact-card .icon {\r\n  font-size: 2.2rem;\r\n  margin-bottom: 12px;\r\n}\r\n\r\n.contact-card .phone-icon i {\r\n  color: green;\r\n}\r\n\r\n.contact-card .email-icon {\r\n  font-size: 2.8rem;\r\n}\r\n\r\n.contact-card .email-icon i {\r\n  color: #8b5e3c;\r\n}\r\n\r\n.contact-card .location-icon i {\r\n  color: #8b5e3c;\r\n}\r\n\r\n.contact-card h4 {\r\n  font-size: 1.3rem;\r\n  color: #5e3d28;\r\n  margin-bottom: 10px;\r\n}\r\n\r\n.contact-card p {\r\n  font-size: 1rem;\r\n  color: #3f2a1c;\r\n  margin: 0;\r\n}\r\n\r\n.contact-card a {\r\n  color: #3f2a1c;\r\n  text-decoration: none;\r\n  word-break: break-word;\r\n}\r\n\r\n.contact-card a:hover {\r\n  text-decoration: underline;\r\n}\r\n\r\n.break-text {\r\n  overflow-wrap: break-word;\r\n  word-break: break-word;\r\n}\r\n<\/style>\r\n\t\t<\/div>\n\t\t\t\t<\/div>\n\t\t\t\t\t<\/div>\n\t\t<\/div>\n\t\t\t\t\t<\/div>\n\t\t<\/section>\n\t\t\t\t<section class=\"elementor-section elementor-top-section elementor-element elementor-element-8f7eb39 elementor-section-boxed elementor-section-height-default elementor-section-height-default\" data-id=\"8f7eb39\" data-element_type=\"section\">\n\t\t\t\t\t\t<div class=\"elementor-container elementor-column-gap-default\">\n\t\t\t\t\t<div class=\"elementor-column elementor-col-100 elementor-top-column elementor-element elementor-element-beb4cb8\" data-id=\"beb4cb8\" data-element_type=\"column\">\n\t\t\t<div class=\"elementor-widget-wrap elementor-element-populated\">\n\t\t\t\t\t\t<div class=\"elementor-element elementor-element-98c31fe elementor-widget elementor-widget-image\" data-id=\"98c31fe\" data-element_type=\"widget\" data-widget_type=\"image.default\">\n\t\t\t\t<div class=\"elementor-widget-container\">\n\t\t\t\t\t\t\t\t\t\t\t\t\t<img fetchpriority=\"high\" decoding=\"async\" width=\"394\" height=\"512\" src=\"https:\/\/destimarruecostours.com\/wp-content\/uploads\/2025\/06\/IMG_5759-394x512.jpeg\" class=\"attachment-th_img_sm_portrait size-th_img_sm_portrait wp-image-5045\" alt=\"\" \/>\t\t\t\t\t\t\t\t\t\t\t\t\t<\/div>\n\t\t\t\t<\/div>\n\t\t\t\t\t<\/div>\n\t\t<\/div>\n\t\t\t\t\t<\/div>\n\t\t<\/section>\n\t\t\t\t<section class=\"elementor-section elementor-top-section elementor-element elementor-element-77f2b4b7 elementor-section-boxed elementor-section-height-default elementor-section-height-default\" data-id=\"77f2b4b7\" data-element_type=\"section\">\n\t\t\t\t\t\t<div class=\"elementor-container elementor-column-gap-default\">\n\t\t\t\t\t<div class=\"elementor-column elementor-col-100 elementor-top-column elementor-element elementor-element-a038871\" data-id=\"a038871\" data-element_type=\"column\">\n\t\t\t<div class=\"elementor-widget-wrap\">\n\t\t\t\t\t\t\t<\/div>\n\t\t<\/div>\n\t\t\t\t\t<\/div>\n\t\t<\/section>\n\t\t\t\t<\/div>","protected":false},"excerpt":{"rendered":"<p>CONTACTO Por favor, activa JavaScript en tu navegador para completar este formulario.Por favor, activa JavaScript en tu navegador para completar este formulario.Name *Email *PhoneMessage Submit Ll\u00e1menos +212 663 495 616 Correo electr\u00f3nico destimarruecostours@gmail.com Direcci\u00f3n Ouarzazate, Marruecos<\/p>","protected":false},"author":1,"featured_media":0,"parent":3895,"menu_order":0,"comment_status":"closed","ping_status":"closed","template":"","meta":{"om_disable_all_campaigns":false,"_monsterinsights_skip_tracking":false,"_monsterinsights_sitenote_active":false,"_monsterinsights_sitenote_note":"","_monsterinsights_sitenote_category":0,"_uf_show_specific_survey":0,"_uf_disable_surveys":false,"_joinchat":[],"footnotes":""},"class_list":["post-3539","page","type-page","status-publish","hentry"],"aioseo_notices":[],"yoast_head":"<!-- This site is optimized with the Yoast SEO plugin v26.3 - https:\/\/yoast.com\/wordpress\/plugins\/seo\/ -->\n<title>Contacto - Desti Marruecos Tours<\/title>\n<meta name=\"description\" content=\"\u00a1Descubre los mejores tours en Marruecos! Contacta con Desti Marruecos para vivir una experiencia inolvidable. \u00a1Reserva ahora y empieza...\" \/>\n<meta name=\"robots\" content=\"index, follow, max-snippet:-1, max-image-preview:large, max-video-preview:-1\" \/>\n<link rel=\"canonical\" href=\"https:\/\/destimarruecostours.com\/en\/sobre-marruecos\/contacto\/\" \/>\n<meta property=\"og:locale\" content=\"en_US\" \/>\n<meta property=\"og:type\" content=\"article\" \/>\n<meta property=\"og:title\" content=\"Contacto - Desti Marruecos Tours\" \/>\n<meta property=\"og:description\" content=\"\u00a1Descubre los mejores tours en Marruecos! Contacta con Desti Marruecos para vivir una experiencia inolvidable. \u00a1Reserva ahora y empieza...\" \/>\n<meta property=\"og:url\" content=\"https:\/\/destimarruecostours.com\/en\/sobre-marruecos\/contacto\/\" \/>\n<meta property=\"og:site_name\" content=\"Desti Marruecos Tours\" \/>\n<meta property=\"article:modified_time\" content=\"2025-06-09T20:22:00+00:00\" \/>\n<meta property=\"og:image\" content=\"https:\/\/destimarruecostours.com\/wp-content\/plugins\/wpforms-lite\/assets\/images\/submit-spin.svg\" \/>\n<meta name=\"twitter:card\" content=\"summary_large_image\" \/>\n<meta name=\"twitter:label1\" content=\"Est. reading time\" \/>\n\t<meta name=\"twitter:data1\" content=\"1 minute\" \/>\n<script type=\"application\/ld+json\" class=\"yoast-schema-graph\">{\"@context\":\"https:\/\/schema.org\",\"@graph\":[{\"@type\":\"WebPage\",\"@id\":\"https:\/\/destimarruecostours.com\/sobre-marruecos\/contacto\/\",\"url\":\"https:\/\/destimarruecostours.com\/sobre-marruecos\/contacto\/\",\"name\":\"Contacto - Desti Marruecos Tours\",\"isPartOf\":{\"@id\":\"https:\/\/destimarruecostours.com\/#website\"},\"primaryImageOfPage\":{\"@id\":\"https:\/\/destimarruecostours.com\/sobre-marruecos\/contacto\/#primaryimage\"},\"image\":{\"@id\":\"https:\/\/destimarruecostours.com\/sobre-marruecos\/contacto\/#primaryimage\"},\"thumbnailUrl\":\"https:\/\/destimarruecostours.com\/wp-content\/plugins\/wpforms-lite\/assets\/images\/submit-spin.svg\",\"datePublished\":\"2023-07-23T11:38:44+00:00\",\"dateModified\":\"2025-06-09T20:22:00+00:00\",\"description\":\"\u00a1Descubre los mejores tours en Marruecos! Contacta con Desti Marruecos para vivir una experiencia inolvidable. \u00a1Reserva ahora y empieza...\",\"breadcrumb\":{\"@id\":\"https:\/\/destimarruecostours.com\/sobre-marruecos\/contacto\/#breadcrumb\"},\"inLanguage\":\"en-US\",\"potentialAction\":[{\"@type\":\"ReadAction\",\"target\":[\"https:\/\/destimarruecostours.com\/sobre-marruecos\/contacto\/\"]}]},{\"@type\":\"ImageObject\",\"inLanguage\":\"en-US\",\"@id\":\"https:\/\/destimarruecostours.com\/sobre-marruecos\/contacto\/#primaryimage\",\"url\":\"https:\/\/destimarruecostours.com\/wp-content\/plugins\/wpforms-lite\/assets\/images\/submit-spin.svg\",\"contentUrl\":\"https:\/\/destimarruecostours.com\/wp-content\/plugins\/wpforms-lite\/assets\/images\/submit-spin.svg\"},{\"@type\":\"BreadcrumbList\",\"@id\":\"https:\/\/destimarruecostours.com\/sobre-marruecos\/contacto\/#breadcrumb\",\"itemListElement\":[{\"@type\":\"ListItem\",\"position\":1,\"name\":\"Home\",\"item\":\"https:\/\/destimarruecostours.com\/\"},{\"@type\":\"ListItem\",\"position\":2,\"name\":\"Sobre Marruecos\",\"item\":\"https:\/\/destimarruecostours.com\/sobre-marruecos\/\"},{\"@type\":\"ListItem\",\"position\":3,\"name\":\"Contacto\"}]},{\"@type\":\"WebSite\",\"@id\":\"https:\/\/destimarruecostours.com\/#website\",\"url\":\"https:\/\/destimarruecostours.com\/\",\"name\":\"Desti Marruecos Tours\",\"description\":\"Viajes en Marruecos | Las Mejores Rutas por Marruecos\",\"publisher\":{\"@id\":\"https:\/\/destimarruecostours.com\/#organization\"},\"potentialAction\":[{\"@type\":\"SearchAction\",\"target\":{\"@type\":\"EntryPoint\",\"urlTemplate\":\"https:\/\/destimarruecostours.com\/?s={search_term_string}\"},\"query-input\":{\"@type\":\"PropertyValueSpecification\",\"valueRequired\":true,\"valueName\":\"search_term_string\"}}],\"inLanguage\":\"en-US\"},{\"@type\":\"Organization\",\"@id\":\"https:\/\/destimarruecostours.com\/#organization\",\"name\":\"Desti Marruecos Tours\",\"url\":\"https:\/\/destimarruecostours.com\/\",\"logo\":{\"@type\":\"ImageObject\",\"inLanguage\":\"en-US\",\"@id\":\"https:\/\/destimarruecostours.com\/#\/schema\/logo\/image\/\",\"url\":\"\",\"contentUrl\":\"\",\"caption\":\"Desti Marruecos Tours\"},\"image\":{\"@id\":\"https:\/\/destimarruecostours.com\/#\/schema\/logo\/image\/\"}}]}<\/script>\n<!-- \/ Yoast SEO plugin. -->","yoast_head_json":{"title":"Contacto - Desti Marruecos Tours","description":"\u00a1Descubre los mejores tours en Marruecos! Contacta con Desti Marruecos para vivir una experiencia inolvidable. \u00a1Reserva ahora y empieza...","robots":{"index":"index","follow":"follow","max-snippet":"max-snippet:-1","max-image-preview":"max-image-preview:large","max-video-preview":"max-video-preview:-1"},"canonical":"https:\/\/destimarruecostours.com\/en\/sobre-marruecos\/contacto\/","og_locale":"en_US","og_type":"article","og_title":"Contacto - Desti Marruecos Tours","og_description":"\u00a1Descubre los mejores tours en Marruecos! Contacta con Desti Marruecos para vivir una experiencia inolvidable. \u00a1Reserva ahora y empieza...","og_url":"https:\/\/destimarruecostours.com\/en\/sobre-marruecos\/contacto\/","og_site_name":"Desti Marruecos Tours","article_modified_time":"2025-06-09T20:22:00+00:00","og_image":[{"url":"https:\/\/destimarruecostours.com\/wp-content\/plugins\/wpforms-lite\/assets\/images\/submit-spin.svg","type":"","width":"","height":""}],"twitter_card":"summary_large_image","twitter_misc":{"Est. reading time":"1 minute"},"schema":{"@context":"https:\/\/schema.org","@graph":[{"@type":"WebPage","@id":"https:\/\/destimarruecostours.com\/sobre-marruecos\/contacto\/","url":"https:\/\/destimarruecostours.com\/sobre-marruecos\/contacto\/","name":"Contacto - Desti Marruecos Tours","isPartOf":{"@id":"https:\/\/destimarruecostours.com\/#website"},"primaryImageOfPage":{"@id":"https:\/\/destimarruecostours.com\/sobre-marruecos\/contacto\/#primaryimage"},"image":{"@id":"https:\/\/destimarruecostours.com\/sobre-marruecos\/contacto\/#primaryimage"},"thumbnailUrl":"https:\/\/destimarruecostours.com\/wp-content\/plugins\/wpforms-lite\/assets\/images\/submit-spin.svg","datePublished":"2023-07-23T11:38:44+00:00","dateModified":"2025-06-09T20:22:00+00:00","description":"\u00a1Descubre los mejores tours en Marruecos! Contacta con Desti Marruecos para vivir una experiencia inolvidable. \u00a1Reserva ahora y empieza...","breadcrumb":{"@id":"https:\/\/destimarruecostours.com\/sobre-marruecos\/contacto\/#breadcrumb"},"inLanguage":"en-US","potentialAction":[{"@type":"ReadAction","target":["https:\/\/destimarruecostours.com\/sobre-marruecos\/contacto\/"]}]},{"@type":"ImageObject","inLanguage":"en-US","@id":"https:\/\/destimarruecostours.com\/sobre-marruecos\/contacto\/#primaryimage","url":"https:\/\/destimarruecostours.com\/wp-content\/plugins\/wpforms-lite\/assets\/images\/submit-spin.svg","contentUrl":"https:\/\/destimarruecostours.com\/wp-content\/plugins\/wpforms-lite\/assets\/images\/submit-spin.svg"},{"@type":"BreadcrumbList","@id":"https:\/\/destimarruecostours.com\/sobre-marruecos\/contacto\/#breadcrumb","itemListElement":[{"@type":"ListItem","position":1,"name":"Home","item":"https:\/\/destimarruecostours.com\/"},{"@type":"ListItem","position":2,"name":"Sobre Marruecos","item":"https:\/\/destimarruecostours.com\/sobre-marruecos\/"},{"@type":"ListItem","position":3,"name":"Contacto"}]},{"@type":"WebSite","@id":"https:\/\/destimarruecostours.com\/#website","url":"https:\/\/destimarruecostours.com\/","name":"Desti Marruecos Tours","description":"Viajes en Marruecos | Las Mejores Rutas por Marruecos","publisher":{"@id":"https:\/\/destimarruecostours.com\/#organization"},"potentialAction":[{"@type":"SearchAction","target":{"@type":"EntryPoint","urlTemplate":"https:\/\/destimarruecostours.com\/?s={search_term_string}"},"query-input":{"@type":"PropertyValueSpecification","valueRequired":true,"valueName":"search_term_string"}}],"inLanguage":"en-US"},{"@type":"Organization","@id":"https:\/\/destimarruecostours.com\/#organization","name":"Desti Marruecos Tours","url":"https:\/\/destimarruecostours.com\/","logo":{"@type":"ImageObject","inLanguage":"en-US","@id":"https:\/\/destimarruecostours.com\/#\/schema\/logo\/image\/","url":"","contentUrl":"","caption":"Desti Marruecos Tours"},"image":{"@id":"https:\/\/destimarruecostours.com\/#\/schema\/logo\/image\/"}}]}},"_links":{"self":[{"href":"https:\/\/destimarruecostours.com\/en\/wp-json\/wp\/v2\/pages\/3539","targetHints":{"allow":["GET"]}}],"collection":[{"href":"https:\/\/destimarruecostours.com\/en\/wp-json\/wp\/v2\/pages"}],"about":[{"href":"https:\/\/destimarruecostours.com\/en\/wp-json\/wp\/v2\/types\/page"}],"author":[{"embeddable":true,"href":"https:\/\/destimarruecostours.com\/en\/wp-json\/wp\/v2\/users\/1"}],"replies":[{"embeddable":true,"href":"https:\/\/destimarruecostours.com\/en\/wp-json\/wp\/v2\/comments?post=3539"}],"version-history":[{"count":54,"href":"https:\/\/destimarruecostours.com\/en\/wp-json\/wp\/v2\/pages\/3539\/revisions"}],"predecessor-version":[{"id":5053,"href":"https:\/\/destimarruecostours.com\/en\/wp-json\/wp\/v2\/pages\/3539\/revisions\/5053"}],"up":[{"embeddable":true,"href":"https:\/\/destimarruecostours.com\/en\/wp-json\/wp\/v2\/pages\/3895"}],"wp:attachment":[{"href":"https:\/\/destimarruecostours.com\/en\/wp-json\/wp\/v2\/media?parent=3539"}],"curies":[{"name":"wp","href":"https:\/\/api.w.org\/{rel}","templated":true}]}}